{"id":6842,"date":"2025-03-27T14:18:04","date_gmt":"2025-03-27T13:18:04","guid":{"rendered":"https:\/\/steinpichler.de\/imprint\/"},"modified":"2026-03-25T11:54:55","modified_gmt":"2026-03-25T10:54:55","slug":"imprint","status":"publish","type":"page","link":"https:\/\/steinpichler.de\/en\/imprint\/","title":{"rendered":"Imprint"},"content":{"rendered":"\t\t<div data-elementor-type=\"wp-page\" data-elementor-id=\"6842\" class=\"elementor elementor-6842 elementor-5876\" data-elementor-post-type=\"page\">\n\t\t\t\t<div class=\"elementor-element elementor-element-55382016 e-flex e-con-boxed e-con e-parent\" data-id=\"55382016\" data-element_type=\"container\">\n\t\t\t\t\t<div class=\"e-con-inner\">\n\t\t\t\t<div class=\"elementor-element elementor-element-92e5ede elementor-widget elementor-widget-text-editor\" data-id=\"92e5ede\" data-element_type=\"widget\" data-widget_type=\"text-editor.default\">\n\t\t\t\t<div class=\"elementor-widget-container\">\n\t\t\t\t\t\t\t\t\t<section class=\"elementor-section elementor-top-section elementor-element elementor-element-addf2e5 elementor-section-full_width elementor-section-height-default elementor-section-height-default\" data-id=\"addf2e5\" data-element_type=\"section\"><div class=\"elementor-container elementor-column-gap-no\"><div class=\"elementor-column elementor-col-100 elementor-top-column elementor-element elementor-element-d361eda\" data-id=\"d361eda\" data-element_type=\"column\"><div class=\"elementor-widget-wrap elementor-element-populated\"><div class=\"elementor-element elementor-element-5b79a24 elementor-widget elementor-widget-theme-post-content\" data-id=\"5b79a24\" data-element_type=\"widget\" data-widget_type=\"theme-post-content.default\"><div class=\"elementor-widget-container\"><div class=\"elementor elementor-5876\" data-elementor-type=\"wp-page\" data-elementor-id=\"5876\" data-elementor-post-type=\"page\"><div class=\"elementor-element elementor-element-55382016 e-flex e-con-boxed e-con e-parent e-lazyloaded\" data-id=\"55382016\" data-element_type=\"container\"><div class=\"e-con-inner\"><h2 class=\"elementor-element elementor-element-92e5ede elementor-widget elementor-widget-text-editor\" data-id=\"92e5ede\" data-element_type=\"widget\" data-widget_type=\"text-editor.default\">Provider:<\/h2><h3>The provider of this website is:<\/h3><p>Steinpichler Rechtsanw\u00e4lte Partnerschaftsgesellschaft mbB<br>Liebigstra\u00dfe 22<br>80538 Munich<br>Tel.: +49 (0)89-212 685 2-0<br>Fax: +49 (0)89-212 685 2-15<br>info@steinpichler.de<br>The registered office of the Partnerschaftsgesellschaft mbB is Munich.<br>Partnership register at the local court of Munich PR 1270<br>VAT number: 146\/245\/30285<\/p><p> <\/p><h3>The company is represented by the partners of the Partnerschaftsgesellschaft mbB:<\/h3><p>Mr. Christian Steinpichler, lawyer<br>Mr. Christian Hansen, lawyer<br>Mr. Jochen Schulte-Uffelage, lawyer<br>Mr. Andreas Hauck, lawyer<br>Ms. Christine Nehls, lawyer <br>Mr. Alexander Holz, lawyer<\/p><p> <\/p><h3>Addresses of the company:<\/h3><p>Steinpichler Rechtsanw\u00e4lte Partnerschaftsgesellschaft mbB<br>Liebigstra\u00dfe 22<br>80538 Munich<br>Tel.: +49 (0)89-212 685 2-0<br>Fax: +49 (0)89-212 685 2-15<br>info@steinpichler.de<\/p><p>Steinpichler RAe PGmbB Swiss branch<br>F\u00e4llmisstr. 12<br>CH-8832 Wilen bei Wollerau<br>Tel. +41 (0)55 5600340<br>Fax +41 (0)55 5600349<br>info@steinpichler.ch <\/p><\/div><h3> <\/h3><div class=\"e-con-inner\"><h3>Supervisory authorities:<\/h3><p>The lawyers are admitted to practice in the Federal Republic of Germany and belong to the respective bar association of their location:<br>Munich:Bar Association for the Higher Regional Court District of Munich, Im Tal 33, 80331 Munich<\/p><h3> <\/h3><h3>Legal job titles:<\/h3><p>Attorney at law<\/p><p> <\/p><h3>Professional regulations for lawyers:<\/h3><p><br>The following relevant professional regulations apply to lawyers:<br>BRAO &#8211; Bundesrechtsanwaltsordnung BORA &#8211; Berufsordnung f\u00fcr Rechtsanw\u00e4lte FAO &#8211; Fachanwaltsordnung RVG &#8211; Gesetz \u00fcber die Verg\u00fctung der Rechtsanw\u00e4ltinnen und Rechtsanw\u00e4lte CCBE &#8211; Berufsregeln der Rechtsanw\u00e4lte der Europ\u00e4ischen Union GWG &#8211; Berufsrechtliche Erg\u00e4nzungen zum Geldw\u00e4schebek\u00e4mpfungsgesetz EuRAG &#8211; Gesetz \u00fcber die T\u00e4tigkeit europ\u00e4ischer Rechtsanw\u00e4lte in Deutschland<br>The aforementioned regulations can be viewed at www.brak.de in the section &#8220;For Lawyers \/ Professional Law&#8221;: http:\/\/www.brak.de\/fuer-anwaelte\/berufsrecht\/.<br>Lawyers are prohibited from representing conflicting interests by professional regulations (Section 43a (4) BRAO). Before accepting a mandate, it is therefore always checked whether such a conflict of interest exists.   <\/p><p> <\/p><h3>General Terms of Engagement<\/h3><p>Unless otherwise agreed in writing in individual cases, we provide our services on the basis of our General Terms and Conditions of Engagement, which you can download from the &#8220;Downloads&#8221; section or request directly from us.  <\/p><p> <\/p><h3>Professional liability insurance<\/h3><p>Professional liability insurance is currently provided by Allianz Deutschland AG, K\u00f6niginstra\u00dfe 28, 80802 Munich. The geographical scope of the insurance cover includes activities in Europe. The professional liability insurance meets the requirements of Section 51 of the German Federal Lawyers&#8217; Act (BRAO).  <\/p><p> <\/p><h3>Out-of-court dispute resolution<\/h3><p>In the event of disputes between lawyers and their clients, there is the possibility of out-of-court dispute resolution upon request at the Bar Association for the Higher Regional Court District of Munich (Section 73 (2) No. 3 in conjunction with Section 73 (5) BRAO) or at the arbitration board of the legal profession (Section 191f BRAO) at the Federal Bar Association. On the Internet at www.rak-muenchen.de or www.brak.de. <\/p><p> <\/p><h3>Online dispute resolution platform and consumer dispute resolution:<\/h3><p>The European Commission provides a platform for online dispute resolution, which you can find at https:\/\/ec.europa.eu\/consumers\/odr\/. The law firm STEINPICHLER Rechtsanw\u00e4lte Partnerschaftsgesellschaft mbB is generally not willing or obliged to participate in dispute resolution proceedings before a consumer arbitration board. <\/p><p> <\/p><h3>Liability, responsible party<\/h3><p>Despite careful control of the content, we assume no liability for the content of external links. The operators of the linked sites are solely responsible for their content.<br>Steinpichler Rechtsanw\u00e4lte Partnerschaftsgesellschaft mbB, represented by the partners, who can be contacted at the above address, is responsible for this site.   <\/p><p> <\/p><h3>Copyright image material:<\/h3><p>Home page (background image): Munich panorama Adobe Stock by FleischiPixel<\/p><\/div><\/div><\/div><\/div><\/div><\/div><\/div><\/div><\/section>\t\t\t\t\t\t\t\t<\/div>\n\t\t\t\t<\/div>\n\t\t\t\t\t<\/div>\n\t\t\t\t<\/div>\n\t\t\t\t<\/div>\n\t\t","protected":false},"excerpt":{"rendered":"<p>Provider: The provider of this website is: Steinpichler Rechtsanw\u00e4lte Partnerschaftsgesellschaft mbBLiebigstra\u00dfe 2280538 MunichTel.: +49 (0)89-212 685 2-0Fax: +49 (0)89-212 685 2-15info@steinpichler.deThe registered office of the Partnerschaftsgesellschaft mbB is Munich.Partnership register at the local court of Munich PR 1270VAT number: 146\/245\/30285 The company is represented by the partners of the Partnerschaftsgesellschaft mbB: Mr. Christian Steinpichler, lawyerMr.&hellip;<\/p>\n","protected":false},"author":1,"featured_media":0,"parent":0,"menu_order":24,"comment_status":"closed","ping_status":"closed","template":"","meta":{"footnotes":""},"class_list":["post-6842","page","type-page","status-publish","hentry"],"yoast_head":"<!-- This site is optimized with the Yoast SEO plugin v26.1.1 - https:\/\/yoast.com\/wordpress\/plugins\/seo\/ -->\n<title>Imprint - Steinpichler Rechtsanw\u00e4lte<\/title>\n<meta name=\"robots\" content=\"index, nofollow, max-snippet:-1, max-image-preview:large, max-video-preview:-1\" \/>\n<link rel=\"canonical\" href=\"https:\/\/steinpichler.de\/en\/imprint\/\" \/>\n<meta property=\"og:locale\" content=\"en_US\" \/>\n<meta property=\"og:type\" content=\"article\" \/>\n<meta property=\"og:title\" content=\"Imprint - Steinpichler Rechtsanw\u00e4lte\" \/>\n<meta property=\"og:description\" content=\"Provider: The provider of this website is: Steinpichler Rechtsanw\u00e4lte Partnerschaftsgesellschaft mbBLiebigstra\u00dfe 2280538 MunichTel.: +49 (0)89-212 685 2-0Fax: +49 (0)89-212 685 2-15info@steinpichler.deThe registered office of the Partnerschaftsgesellschaft mbB is Munich.Partnership register at the local court of Munich PR 1270VAT number: 146\/245\/30285 The company is represented by the partners of the Partnerschaftsgesellschaft mbB: Mr. Christian Steinpichler, lawyerMr.&hellip;\" \/>\n<meta property=\"og:url\" content=\"https:\/\/steinpichler.de\/en\/imprint\/\" \/>\n<meta property=\"og:site_name\" content=\"Steinpichler Rechtsanw\u00e4lte\" \/>\n<meta property=\"article:publisher\" content=\"https:\/\/www.facebook.com\/STEINPICHLER\" \/>\n<meta property=\"article:modified_time\" content=\"2026-03-25T10:54:55+00:00\" \/>\n<meta name=\"twitter:card\" content=\"summary_large_image\" \/>\n<meta name=\"twitter:label1\" content=\"Est. reading time\" \/>\n\t<meta name=\"twitter:data1\" content=\"3 minutes\" \/>\n<script type=\"application\/ld+json\" class=\"yoast-schema-graph\">{\"@context\":\"https:\/\/schema.org\",\"@graph\":[{\"@type\":\"WebPage\",\"@id\":\"https:\/\/steinpichler.de\/en\/imprint\/\",\"url\":\"https:\/\/steinpichler.de\/en\/imprint\/\",\"name\":\"Imprint - Steinpichler Rechtsanw\u00e4lte\",\"isPartOf\":{\"@id\":\"https:\/\/steinpichler.de\/en\/#website\"},\"datePublished\":\"2025-03-27T13:18:04+00:00\",\"dateModified\":\"2026-03-25T10:54:55+00:00\",\"breadcrumb\":{\"@id\":\"https:\/\/steinpichler.de\/en\/imprint\/#breadcrumb\"},\"inLanguage\":\"en-US\",\"potentialAction\":[{\"@type\":\"ReadAction\",\"target\":[\"https:\/\/steinpichler.de\/en\/imprint\/\"]}]},{\"@type\":\"BreadcrumbList\",\"@id\":\"https:\/\/steinpichler.de\/en\/imprint\/#breadcrumb\",\"itemListElement\":[{\"@type\":\"ListItem\",\"position\":1,\"name\":\"Startseite\",\"item\":\"https:\/\/steinpichler.de\/en\/\"},{\"@type\":\"ListItem\",\"position\":2,\"name\":\"Imprint\"}]},{\"@type\":\"WebSite\",\"@id\":\"https:\/\/steinpichler.de\/en\/#website\",\"url\":\"https:\/\/steinpichler.de\/en\/\",\"name\":\"Steinpichler Rechtsanw\u00e4lte\",\"description\":\"Rechtsanw\u00e4lte der Kanzlei Steinpichler konzentrieren sich auf das Wirtschaftsrecht\",\"publisher\":{\"@id\":\"https:\/\/steinpichler.de\/en\/#organization\"},\"potentialAction\":[{\"@type\":\"SearchAction\",\"target\":{\"@type\":\"EntryPoint\",\"urlTemplate\":\"https:\/\/steinpichler.de\/en\/?s={search_term_string}\"},\"query-input\":{\"@type\":\"PropertyValueSpecification\",\"valueRequired\":true,\"valueName\":\"search_term_string\"}}],\"inLanguage\":\"en-US\"},{\"@type\":\"Organization\",\"@id\":\"https:\/\/steinpichler.de\/en\/#organization\",\"name\":\"Steinpichler Rechtsanw\u00e4lte\",\"url\":\"https:\/\/steinpichler.de\/en\/\",\"logo\":{\"@type\":\"ImageObject\",\"inLanguage\":\"en-US\",\"@id\":\"https:\/\/steinpichler.de\/en\/#\/schema\/logo\/image\/\",\"url\":\"https:\/\/steinpichler.de\/wp-content\/uploads\/Steinpichler_Logo_ROT-Himbeer.svg\",\"contentUrl\":\"https:\/\/steinpichler.de\/wp-content\/uploads\/Steinpichler_Logo_ROT-Himbeer.svg\",\"width\":495,\"height\":71,\"caption\":\"Steinpichler Rechtsanw\u00e4lte\"},\"image\":{\"@id\":\"https:\/\/steinpichler.de\/en\/#\/schema\/logo\/image\/\"},\"sameAs\":[\"https:\/\/www.facebook.com\/STEINPICHLER\",\"https:\/\/de.linkedin.com\/company\/steinpichler-rechtsanwlte-partnerschaftsgesellschaft-mbb\"]}]}<\/script>\n<!-- \/ Yoast SEO plugin. -->","yoast_head_json":{"title":"Imprint - Steinpichler Rechtsanw\u00e4lte","robots":{"index":"index","follow":"nofollow","max-snippet":"max-snippet:-1","max-image-preview":"max-image-preview:large","max-video-preview":"max-video-preview:-1"},"canonical":"https:\/\/steinpichler.de\/en\/imprint\/","og_locale":"en_US","og_type":"article","og_title":"Imprint - Steinpichler Rechtsanw\u00e4lte","og_description":"Provider: The provider of this website is: Steinpichler Rechtsanw\u00e4lte Partnerschaftsgesellschaft mbBLiebigstra\u00dfe 2280538 MunichTel.: +49 (0)89-212 685 2-0Fax: +49 (0)89-212 685 2-15info@steinpichler.deThe registered office of the Partnerschaftsgesellschaft mbB is Munich.Partnership register at the local court of Munich PR 1270VAT number: 146\/245\/30285 The company is represented by the partners of the Partnerschaftsgesellschaft mbB: Mr. Christian Steinpichler, lawyerMr.&hellip;","og_url":"https:\/\/steinpichler.de\/en\/imprint\/","og_site_name":"Steinpichler Rechtsanw\u00e4lte","article_publisher":"https:\/\/www.facebook.com\/STEINPICHLER","article_modified_time":"2026-03-25T10:54:55+00:00","twitter_card":"summary_large_image","twitter_misc":{"Est. reading time":"3 minutes"},"schema":{"@context":"https:\/\/schema.org","@graph":[{"@type":"WebPage","@id":"https:\/\/steinpichler.de\/en\/imprint\/","url":"https:\/\/steinpichler.de\/en\/imprint\/","name":"Imprint - Steinpichler Rechtsanw\u00e4lte","isPartOf":{"@id":"https:\/\/steinpichler.de\/en\/#website"},"datePublished":"2025-03-27T13:18:04+00:00","dateModified":"2026-03-25T10:54:55+00:00","breadcrumb":{"@id":"https:\/\/steinpichler.de\/en\/imprint\/#breadcrumb"},"inLanguage":"en-US","potentialAction":[{"@type":"ReadAction","target":["https:\/\/steinpichler.de\/en\/imprint\/"]}]},{"@type":"BreadcrumbList","@id":"https:\/\/steinpichler.de\/en\/imprint\/#breadcrumb","itemListElement":[{"@type":"ListItem","position":1,"name":"Startseite","item":"https:\/\/steinpichler.de\/en\/"},{"@type":"ListItem","position":2,"name":"Imprint"}]},{"@type":"WebSite","@id":"https:\/\/steinpichler.de\/en\/#website","url":"https:\/\/steinpichler.de\/en\/","name":"Steinpichler Rechtsanw\u00e4lte","description":"Rechtsanw\u00e4lte der Kanzlei Steinpichler konzentrieren sich auf das Wirtschaftsrecht","publisher":{"@id":"https:\/\/steinpichler.de\/en\/#organization"},"potentialAction":[{"@type":"SearchAction","target":{"@type":"EntryPoint","urlTemplate":"https:\/\/steinpichler.de\/en\/?s={search_term_string}"},"query-input":{"@type":"PropertyValueSpecification","valueRequired":true,"valueName":"search_term_string"}}],"inLanguage":"en-US"},{"@type":"Organization","@id":"https:\/\/steinpichler.de\/en\/#organization","name":"Steinpichler Rechtsanw\u00e4lte","url":"https:\/\/steinpichler.de\/en\/","logo":{"@type":"ImageObject","inLanguage":"en-US","@id":"https:\/\/steinpichler.de\/en\/#\/schema\/logo\/image\/","url":"https:\/\/steinpichler.de\/wp-content\/uploads\/Steinpichler_Logo_ROT-Himbeer.svg","contentUrl":"https:\/\/steinpichler.de\/wp-content\/uploads\/Steinpichler_Logo_ROT-Himbeer.svg","width":495,"height":71,"caption":"Steinpichler Rechtsanw\u00e4lte"},"image":{"@id":"https:\/\/steinpichler.de\/en\/#\/schema\/logo\/image\/"},"sameAs":["https:\/\/www.facebook.com\/STEINPICHLER","https:\/\/de.linkedin.com\/company\/steinpichler-rechtsanwlte-partnerschaftsgesellschaft-mbb"]}]}},"_links":{"self":[{"href":"https:\/\/steinpichler.de\/en\/wp-json\/wp\/v2\/pages\/6842","targetHints":{"allow":["GET"]}}],"collection":[{"href":"https:\/\/steinpichler.de\/en\/wp-json\/wp\/v2\/pages"}],"about":[{"href":"https:\/\/steinpichler.de\/en\/wp-json\/wp\/v2\/types\/page"}],"author":[{"embeddable":true,"href":"https:\/\/steinpichler.de\/en\/wp-json\/wp\/v2\/users\/1"}],"replies":[{"embeddable":true,"href":"https:\/\/steinpichler.de\/en\/wp-json\/wp\/v2\/comments?post=6842"}],"version-history":[{"count":1,"href":"https:\/\/steinpichler.de\/en\/wp-json\/wp\/v2\/pages\/6842\/revisions"}],"predecessor-version":[{"id":6843,"href":"https:\/\/steinpichler.de\/en\/wp-json\/wp\/v2\/pages\/6842\/revisions\/6843"}],"wp:attachment":[{"href":"https:\/\/steinpichler.de\/en\/wp-json\/wp\/v2\/media?parent=6842"}],"curies":[{"name":"wp","href":"https:\/\/api.w.org\/{rel}","templated":true}]}}